{"id":282,"date":"2022-02-14T18:42:06","date_gmt":"2022-02-14T17:42:06","guid":{"rendered":"https:\/\/0x4rt.com\/?page_id=282"},"modified":"2023-02-27T13:49:29","modified_gmt":"2023-02-27T12:49:29","slug":"questions-frequentes","status":"publish","type":"page","link":"https:\/\/0x4rt.com\/fr_fr\/questions-frequentes\/","title":{"rendered":"FAQ"},"content":{"rendered":"\t\t<div data-elementor-type=\"wp-page\" data-elementor-id=\"282\" class=\"elementor elementor-282\" data-elementor-post-type=\"page\">\n\t\t\t\t\t\t<section class=\"elementor-section elementor-top-section elementor-element elementor-element-5d9a60e3 elementor-section-content-middle elementor-section-full_width elementor-section-height-default elementor-section-height-default\" data-id=\"5d9a60e3\" data-element_type=\"section\" data-e-type=\"section\">\n\t\t\t\t\t\t<div class=\"elementor-container elementor-column-gap-no\">\n\t\t\t\t\t<div class=\"elementor-column elementor-col-100 elementor-top-column elementor-element elementor-element-1693eaa7\" data-id=\"1693eaa7\" data-element_type=\"column\" data-e-type=\"column\">\n\t\t\t<div class=\"elementor-widget-wrap elementor-element-populated\">\n\t\t\t\t\t\t<div class=\"elementor-element elementor-element-1e51b4a0 elementor-widget elementor-widget-heading\" data-id=\"1e51b4a0\" data-element_type=\"widget\" data-e-type=\"widget\" data-widget_type=\"heading.default\">\n\t\t\t\t<div class=\"elementor-widget-container\">\n\t\t\t\t\t<h4 class=\"elementor-heading-title elementor-size-default\">Questions fr\u00e9quentes<\/h4>\t\t\t\t<\/div>\n\t\t\t\t<\/div>\n\t\t\t\t<div class=\"elementor-element elementor-element-5c65991 elementor-widget elementor-widget-text-editor\" data-id=\"5c65991\" data-element_type=\"widget\" data-e-type=\"widget\" data-widget_type=\"text-editor.default\">\n\t\t\t\t<div class=\"elementor-widget-container\">\n\t\t\t\t\t\t\t\t\t<p>Voici des r\u00e9ponses aux questions fr\u00e9quentes que vous vous posez.<\/p><p>Contactez-nous si vous souhaitez en savoir davantage.<\/p>\t\t\t\t\t\t\t\t<\/div>\n\t\t\t\t<\/div>\n\t\t\t\t<section class=\"elementor-section elementor-inner-section elementor-element elementor-element-6b3fd46b elementor-section-content-middle elementor-section-boxed elementor-section-height-default elementor-section-height-default\" data-id=\"6b3fd46b\" data-element_type=\"section\" data-e-type=\"section\">\n\t\t\t\t\t\t<div class=\"elementor-container elementor-column-gap-default\">\n\t\t\t\t\t<div class=\"elementor-column elementor-col-100 elementor-inner-column elementor-element elementor-element-4c5911cc\" data-id=\"4c5911cc\" data-element_type=\"column\" data-e-type=\"column\">\n\t\t\t<div class=\"elementor-widget-wrap elementor-element-populated\">\n\t\t\t\t\t\t<div class=\"elementor-element elementor-element-5c0fc9b elementor-widget elementor-widget-accordion\" data-id=\"5c0fc9b\" data-element_type=\"widget\" data-e-type=\"widget\" data-widget_type=\"accordion.default\">\n\t\t\t\t<div class=\"elementor-widget-container\">\n\t\t\t\t\t\t\t<div class=\"elementor-accordion\">\n\t\t\t\t\t\t\t<div class=\"elementor-accordion-item\">\n\t\t\t\t\t<div id=\"elementor-tab-title-9651\" class=\"elementor-tab-title\" data-tab=\"1\" role=\"button\" aria-controls=\"elementor-tab-content-9651\" aria-expanded=\"false\">\n\t\t\t\t\t\t\t\t\t\t\t\t\t<span class=\"elementor-accordion-icon elementor-accordion-icon-left\" aria-hidden=\"true\">\n\t\t\t\t\t\t\t\t\t\t\t\t\t\t\t<span class=\"elementor-accordion-icon-closed\"><i class=\"fas fa-plus\"><\/i><\/span>\n\t\t\t\t\t\t\t\t<span class=\"elementor-accordion-icon-opened\"><i class=\"fas fa-plus\"><\/i><\/span>\n\t\t\t\t\t\t\t\t\t\t\t\t\t\t<\/span>\n\t\t\t\t\t\t\t\t\t\t\t\t<a class=\"elementor-accordion-title\" tabindex=\"0\">Pourquoi vous choisir ?<\/a>\n\t\t\t\t\t<\/div>\n\t\t\t\t\t<div id=\"elementor-tab-content-9651\" class=\"elementor-tab-content elementor-clearfix\" data-tab=\"1\" role=\"region\" aria-labelledby=\"elementor-tab-title-9651\"><p>Parce que nous avons une ant\u00e9riorit\u00e9 indiscutable et que le \u00ab\u00a0web3\u00a0\u00bb est un \u00e9cosyst\u00e8me complexe, totalement diff\u00e9rent de ce que l&rsquo;on conna\u00eet.<\/p><p>Cette exp\u00e9rience change la donne quand il s&rsquo;agit de choisir la meilleure solution.<br \/><br \/>Demandez \u00e0 vos conseils depuis quand ils sont dans le web3 !<\/p><\/div>\n\t\t\t\t<\/div>\n\t\t\t\t\t\t\t<div class=\"elementor-accordion-item\">\n\t\t\t\t\t<div id=\"elementor-tab-title-9652\" class=\"elementor-tab-title\" data-tab=\"2\" role=\"button\" aria-controls=\"elementor-tab-content-9652\" aria-expanded=\"false\">\n\t\t\t\t\t\t\t\t\t\t\t\t\t<span class=\"elementor-accordion-icon elementor-accordion-icon-left\" aria-hidden=\"true\">\n\t\t\t\t\t\t\t\t\t\t\t\t\t\t\t<span class=\"elementor-accordion-icon-closed\"><i class=\"fas fa-plus\"><\/i><\/span>\n\t\t\t\t\t\t\t\t<span class=\"elementor-accordion-icon-opened\"><i class=\"fas fa-plus\"><\/i><\/span>\n\t\t\t\t\t\t\t\t\t\t\t\t\t\t<\/span>\n\t\t\t\t\t\t\t\t\t\t\t\t<a class=\"elementor-accordion-title\" tabindex=\"0\">En bref, qui \u00eates-vous ?<\/a>\n\t\t\t\t\t<\/div>\n\t\t\t\t\t<div id=\"elementor-tab-content-9652\" class=\"elementor-tab-content elementor-clearfix\" data-tab=\"2\" role=\"region\" aria-labelledby=\"elementor-tab-title-9652\"><p>Beno\u00eet est l&rsquo;un des tous premiers collectionneurs de cryptoart \/ NFT. Il a fond\u00e9 le Museum of Crypto Art (MoCA) dans l&rsquo;un des tous premiers metavers, d\u00e8s 2018. Il est \u00e9galement associ\u00e9 fondateur de NFT Factory.<\/p><p>Albertine est une artiste digitale de renom mais \u00e9galement une collectionneuse compulsive de NFT. Elle a cr\u00e9\u00e9 le mouvement DataDada.<\/p><p>Enfin, Thuy-Tien compl\u00e8te l&rsquo;\u00e9quipe avec sa vision marketing et sa connaissance des enjeux des marques. Egalement collectionneuse de cryptoart, elle participe \u00e0 la vie du MoCA et \u00e0 enrichir la collection. Elle se charge de tous les \u00e9v\u00e9nements, qu&rsquo;ils soient dans le metavers ou dans la \u00ab\u00a0vie r\u00e9elle\u00a0\u00bb comme Cryptoart Revolution.<\/p><\/div>\n\t\t\t\t<\/div>\n\t\t\t\t\t\t\t<div class=\"elementor-accordion-item\">\n\t\t\t\t\t<div id=\"elementor-tab-title-9653\" class=\"elementor-tab-title\" data-tab=\"3\" role=\"button\" aria-controls=\"elementor-tab-content-9653\" aria-expanded=\"false\">\n\t\t\t\t\t\t\t\t\t\t\t\t\t<span class=\"elementor-accordion-icon elementor-accordion-icon-left\" aria-hidden=\"true\">\n\t\t\t\t\t\t\t\t\t\t\t\t\t\t\t<span class=\"elementor-accordion-icon-closed\"><i class=\"fas fa-plus\"><\/i><\/span>\n\t\t\t\t\t\t\t\t<span class=\"elementor-accordion-icon-opened\"><i class=\"fas fa-plus\"><\/i><\/span>\n\t\t\t\t\t\t\t\t\t\t\t\t\t\t<\/span>\n\t\t\t\t\t\t\t\t\t\t\t\t<a class=\"elementor-accordion-title\" tabindex=\"0\">Pour qui travaillez-vous ?<\/a>\n\t\t\t\t\t<\/div>\n\t\t\t\t\t<div id=\"elementor-tab-content-9653\" class=\"elementor-tab-content elementor-clearfix\" data-tab=\"3\" role=\"region\" aria-labelledby=\"elementor-tab-title-9653\"><p>Nous travaillons pour des particuliers comme pour des institutions.<\/p><p>Chez nous, il n&rsquo;y a pas de \u00ab\u00a0junior\u00a0\u00bb, de \u00ab\u00a0senior\u00a0\u00bb, nous sommes tous les trois compl\u00e9mentaires.<\/p><p>Vous aurez donc une r\u00e9ponse sur mesure et (franchement !) \u00e0 un degr\u00e9 d&rsquo;expertise que vous retrouverez rarement dans d&rsquo;autres soci\u00e9t\u00e9s de conseil.<\/p><\/div>\n\t\t\t\t<\/div>\n\t\t\t\t\t\t\t<div class=\"elementor-accordion-item\">\n\t\t\t\t\t<div id=\"elementor-tab-title-9654\" class=\"elementor-tab-title\" data-tab=\"4\" role=\"button\" aria-controls=\"elementor-tab-content-9654\" aria-expanded=\"false\">\n\t\t\t\t\t\t\t\t\t\t\t\t\t<span class=\"elementor-accordion-icon elementor-accordion-icon-left\" aria-hidden=\"true\">\n\t\t\t\t\t\t\t\t\t\t\t\t\t\t\t<span class=\"elementor-accordion-icon-closed\"><i class=\"fas fa-plus\"><\/i><\/span>\n\t\t\t\t\t\t\t\t<span class=\"elementor-accordion-icon-opened\"><i class=\"fas fa-plus\"><\/i><\/span>\n\t\t\t\t\t\t\t\t\t\t\t\t\t\t<\/span>\n\t\t\t\t\t\t\t\t\t\t\t\t<a class=\"elementor-accordion-title\" tabindex=\"0\">Faites-vous des formations sur les NFT ?<\/a>\n\t\t\t\t\t<\/div>\n\t\t\t\t\t<div id=\"elementor-tab-content-9654\" class=\"elementor-tab-content elementor-clearfix\" data-tab=\"4\" role=\"region\" aria-labelledby=\"elementor-tab-title-9654\"><p>Oui, et nous pouvons former tout le monde !<\/p><p>Que vous soyez simples curieux, collectionneurs, entreprises ou institutions, nous pouvons vous former et former vos publics internes et externes.<\/p><\/div>\n\t\t\t\t<\/div>\n\t\t\t\t\t\t\t<div class=\"elementor-accordion-item\">\n\t\t\t\t\t<div id=\"elementor-tab-title-9655\" class=\"elementor-tab-title\" data-tab=\"5\" role=\"button\" aria-controls=\"elementor-tab-content-9655\" aria-expanded=\"false\">\n\t\t\t\t\t\t\t\t\t\t\t\t\t<span class=\"elementor-accordion-icon elementor-accordion-icon-left\" aria-hidden=\"true\">\n\t\t\t\t\t\t\t\t\t\t\t\t\t\t\t<span class=\"elementor-accordion-icon-closed\"><i class=\"fas fa-plus\"><\/i><\/span>\n\t\t\t\t\t\t\t\t<span class=\"elementor-accordion-icon-opened\"><i class=\"fas fa-plus\"><\/i><\/span>\n\t\t\t\t\t\t\t\t\t\t\t\t\t\t<\/span>\n\t\t\t\t\t\t\t\t\t\t\t\t<a class=\"elementor-accordion-title\" tabindex=\"0\">Je voudrais collectionner des NFT, est-ce que vous pouvez me conseiller ?<\/a>\n\t\t\t\t\t<\/div>\n\t\t\t\t\t<div id=\"elementor-tab-content-9655\" class=\"elementor-tab-content elementor-clearfix\" data-tab=\"5\" role=\"region\" aria-labelledby=\"elementor-tab-title-9655\"><p>Evidemment !<\/p><p>Nous serions ravis de vous conseiller \u00e0 constituer une collection qui vous ressemble, que ce soit pour une collection priv\u00e9e ou institutionnelle.<\/p><p>Voici pourquoi :<\/p><p>Beno\u00eet poss\u00e8de l&rsquo;une des collections les plus repr\u00e9sentatives du cryptoart, avec une majorit\u00e9 d&rsquo;oeuvres d&rsquo;OGs (\u00ab\u00a0Original Gangsters\u00a0\u00bb : les artistes fondateurs du mouvement).<\/p><p>Albertine est une collectionneuse compulsive, elle est aussi une artiste digitale confirm\u00e9e et elle a donc \u00ab\u00a0l&rsquo;oeil\u00a0\u00bb \ud83d\ude09<\/p><p>Enfin, Thuy-Tien est le c\u00f4t\u00e9 fun du MoCA (Museum of Crypto Art), elle s&rsquo;int\u00e9resse aux nouveaux artistes et \u00e0 la photographie.<\/p><\/div>\n\t\t\t\t<\/div>\n\t\t\t\t\t\t\t<div class=\"elementor-accordion-item\">\n\t\t\t\t\t<div id=\"elementor-tab-title-9656\" class=\"elementor-tab-title\" data-tab=\"6\" role=\"button\" aria-controls=\"elementor-tab-content-9656\" aria-expanded=\"false\">\n\t\t\t\t\t\t\t\t\t\t\t\t\t<span class=\"elementor-accordion-icon elementor-accordion-icon-left\" aria-hidden=\"true\">\n\t\t\t\t\t\t\t\t\t\t\t\t\t\t\t<span class=\"elementor-accordion-icon-closed\"><i class=\"fas fa-plus\"><\/i><\/span>\n\t\t\t\t\t\t\t\t<span class=\"elementor-accordion-icon-opened\"><i class=\"fas fa-plus\"><\/i><\/span>\n\t\t\t\t\t\t\t\t\t\t\t\t\t\t<\/span>\n\t\t\t\t\t\t\t\t\t\t\t\t<a class=\"elementor-accordion-title\" tabindex=\"0\">Nous voulons organiser une exposition de cryptoart \/ NFT. Pouvons-nous faire appel \u00e0 vous ?\u200b<\/a>\n\t\t\t\t\t<\/div>\n\t\t\t\t\t<div id=\"elementor-tab-content-9656\" class=\"elementor-tab-content elementor-clearfix\" data-tab=\"6\" role=\"region\" aria-labelledby=\"elementor-tab-title-9656\"><p>Bien s\u00fbr !<\/p><p>Nous avons cr\u00e9\u00e9 \u00ab\u00a0Cryptoart Revolution\u00a0\u00bb, la 1\u00e8re exposition de cryptoart en France.<\/p><p>MoCA, le mus\u00e9e fond\u00e9 par Beno\u00eet dans le Metavers, expose une s\u00e9lection d&rsquo;\u0153uvres de sa collection permanente et des expositions temporaires.<\/p><p>Nous vous conseillerons et vous accompagnerons pour cr\u00e9er votre exposition, que ce soit avec des \u0153uvres issues de notre collection de plus de 2000 NFT, ou des \u0153uvres s\u00e9lectionn\u00e9es par ailleurs.<\/p><p>Et nous pouvons \u00e9galement mettre \u00e0 votre disposition des espaces \u00e9v\u00e9nementiels dans le Metavers.<\/p><\/div>\n\t\t\t\t<\/div>\n\t\t\t\t\t\t\t<div class=\"elementor-accordion-item\">\n\t\t\t\t\t<div id=\"elementor-tab-title-9657\" class=\"elementor-tab-title\" data-tab=\"7\" role=\"button\" aria-controls=\"elementor-tab-content-9657\" aria-expanded=\"false\">\n\t\t\t\t\t\t\t\t\t\t\t\t\t<span class=\"elementor-accordion-icon elementor-accordion-icon-left\" aria-hidden=\"true\">\n\t\t\t\t\t\t\t\t\t\t\t\t\t\t\t<span class=\"elementor-accordion-icon-closed\"><i class=\"fas fa-plus\"><\/i><\/span>\n\t\t\t\t\t\t\t\t<span class=\"elementor-accordion-icon-opened\"><i class=\"fas fa-plus\"><\/i><\/span>\n\t\t\t\t\t\t\t\t\t\t\t\t\t\t<\/span>\n\t\t\t\t\t\t\t\t\t\t\t\t<a class=\"elementor-accordion-title\" tabindex=\"0\">Quelles langues parlez-vous ?<\/a>\n\t\t\t\t\t<\/div>\n\t\t\t\t\t<div id=\"elementor-tab-content-9657\" class=\"elementor-tab-content elementor-clearfix\" data-tab=\"7\" role=\"region\" aria-labelledby=\"elementor-tab-title-9657\"><p>Fran\u00e7ais et anglais.<\/p><p>Thuy-Tien et Beno\u00eet ont v\u00e9cu aux Etats-Unis et ils ont travaill\u00e9 dans des entreprises internationales.<\/p><p>D&rsquo;ailleurs, nos comptes Twitter sont en anglais pour pouvoir communiquer avec la communaut\u00e9 crypto, qui vient du monde entier.<\/p><\/div>\n\t\t\t\t<\/div>\n\t\t\t\t\t\t\t<div class=\"elementor-accordion-item\">\n\t\t\t\t\t<div id=\"elementor-tab-title-9658\" class=\"elementor-tab-title\" data-tab=\"8\" role=\"button\" aria-controls=\"elementor-tab-content-9658\" aria-expanded=\"false\">\n\t\t\t\t\t\t\t\t\t\t\t\t\t<span class=\"elementor-accordion-icon elementor-accordion-icon-left\" aria-hidden=\"true\">\n\t\t\t\t\t\t\t\t\t\t\t\t\t\t\t<span class=\"elementor-accordion-icon-closed\"><i class=\"fas fa-plus\"><\/i><\/span>\n\t\t\t\t\t\t\t\t<span class=\"elementor-accordion-icon-opened\"><i class=\"fas fa-plus\"><\/i><\/span>\n\t\t\t\t\t\t\t\t\t\t\t\t\t\t<\/span>\n\t\t\t\t\t\t\t\t\t\t\t\t<a class=\"elementor-accordion-title\" tabindex=\"0\">D'o\u00f9 vient votre nom ? Comment \u00e7a se prononce ?<\/a>\n\t\t\t\t\t<\/div>\n\t\t\t\t\t<div id=\"elementor-tab-content-9658\" class=\"elementor-tab-content elementor-clearfix\" data-tab=\"8\" role=\"region\" aria-labelledby=\"elementor-tab-title-9658\"><p>\u00ab\u00a00x\u00a0\u00bb (z\u00e9ro &#8211; x) sont les deux premiers caract\u00e8res des portefeuilles Ethereum.<\/p><p>\u00ab\u00a04rt\u00a0\u00bb est la forme stylis\u00e9e du mot \u00ab\u00a0Art\u00a0\u00bb.<\/p><p>A prononcer \u00ab\u00a0O-X-ART\u00a0\u00bb.<\/p><p>Ne d\u00eetes pas 33, mais d\u00eetes \u00ab\u00a0O X ART\u00a0\u00bb !<\/p><\/div>\n\t\t\t\t<\/div>\n\t\t\t\t\t\t\t\t<\/div>\n\t\t\t\t\t\t<\/div>\n\t\t\t\t<\/div>\n\t\t\t\t\t<\/div>\n\t\t<\/div>\n\t\t\t\t\t<\/div>\n\t\t<\/section>\n\t\t\t\t\t<\/div>\n\t\t<\/div>\n\t\t\t\t\t<\/div>\n\t\t<\/section>\n\t\t\t\t<section class=\"elementor-section elementor-top-section elementor-element elementor-element-305f920 elementor-section-boxed elementor-section-height-default elementor-section-height-default\" data-id=\"305f920\" data-element_type=\"section\" data-e-type=\"section\">\n\t\t\t\t\t\t<div class=\"elementor-container elementor-column-gap-default\">\n\t\t\t\t\t<div class=\"elementor-column elementor-col-100 elementor-top-column elementor-element elementor-element-f2c6496\" data-id=\"f2c6496\" data-element_type=\"column\" data-e-type=\"column\">\n\t\t\t<div class=\"elementor-widget-wrap\">\n\t\t\t\t\t\t\t<\/div>\n\t\t<\/div>\n\t\t\t\t\t<\/div>\n\t\t<\/section>\n\t\t\t\t<\/div>\n\t\t","protected":false},"excerpt":{"rendered":"<p>Questions fr\u00e9quentes Voici des r\u00e9ponses aux questions fr\u00e9quentes que vous vous posez. Contactez-nous si vous souhaitez en savoir davantage. Pourquoi vous choisir ? Parce que nous avons une ant\u00e9riorit\u00e9 indiscutable et que le \u00ab\u00a0web3\u00a0\u00bb est un \u00e9cosyst\u00e8me complexe, totalement diff\u00e9rent de ce que l&rsquo;on conna\u00eet. Cette exp\u00e9rience change la donne quand il s&rsquo;agit de choisir [&hellip;]<\/p>\n","protected":false},"author":1,"featured_media":0,"parent":0,"menu_order":0,"comment_status":"closed","ping_status":"closed","template":"elementor_header_footer","meta":{"footnotes":""},"class_list":["post-282","page","type-page","status-publish","hentry"],"yoast_head":"<!-- This site is optimized with the Yoast SEO plugin v27.3 - https:\/\/yoast.com\/product\/yoast-seo-wordpress\/ -->\n<title>FAQ - 0x4rt Consulting<\/title>\n<meta name=\"description\" content=\"Voici les questions fr\u00e9quentes que vous vous posez, et les r\u00e9ponses !\" \/>\n<meta name=\"robots\" content=\"index, follow, max-snippet:-1, max-image-preview:large, max-video-preview:-1\" \/>\n<link rel=\"canonical\" href=\"https:\/\/0x4rt.com\/fr_fr\/questions-frequentes\/\" \/>\n<meta property=\"og:locale\" content=\"fr_FR\" \/>\n<meta property=\"og:type\" content=\"article\" \/>\n<meta property=\"og:title\" content=\"FAQ - 0x4rt Consulting\" \/>\n<meta property=\"og:description\" content=\"Voici les questions fr\u00e9quentes que vous vous posez, et les r\u00e9ponses !\" \/>\n<meta property=\"og:url\" content=\"https:\/\/0x4rt.com\/fr_fr\/questions-frequentes\/\" \/>\n<meta property=\"og:site_name\" content=\"0x4rt Consulting\" \/>\n<meta property=\"article:modified_time\" content=\"2023-02-27T12:49:29+00:00\" \/>\n<meta name=\"twitter:card\" content=\"summary_large_image\" \/>\n<meta name=\"twitter:site\" content=\"@0x4rt\" \/>\n<meta name=\"twitter:label1\" content=\"Dur\u00e9e de lecture estim\u00e9e\" \/>\n\t<meta name=\"twitter:data1\" content=\"3 minutes\" \/>\n<script type=\"application\/ld+json\" class=\"yoast-schema-graph\">{\"@context\":\"https:\\\/\\\/schema.org\",\"@graph\":[{\"@type\":\"WebPage\",\"@id\":\"https:\\\/\\\/0x4rt.com\\\/questions-frequentes\\\/\",\"url\":\"https:\\\/\\\/0x4rt.com\\\/questions-frequentes\\\/\",\"name\":\"FAQ - 0x4rt Consulting\",\"isPartOf\":{\"@id\":\"https:\\\/\\\/0x4rt.com\\\/#website\"},\"datePublished\":\"2022-02-14T17:42:06+00:00\",\"dateModified\":\"2023-02-27T12:49:29+00:00\",\"description\":\"Voici les questions fr\u00e9quentes que vous vous posez, et les r\u00e9ponses !\",\"breadcrumb\":{\"@id\":\"https:\\\/\\\/0x4rt.com\\\/questions-frequentes\\\/#breadcrumb\"},\"inLanguage\":\"fr-FR\",\"potentialAction\":[{\"@type\":\"ReadAction\",\"target\":[\"https:\\\/\\\/0x4rt.com\\\/questions-frequentes\\\/\"]}]},{\"@type\":\"BreadcrumbList\",\"@id\":\"https:\\\/\\\/0x4rt.com\\\/questions-frequentes\\\/#breadcrumb\",\"itemListElement\":[{\"@type\":\"ListItem\",\"position\":1,\"name\":\"Accueil\",\"item\":\"https:\\\/\\\/0x4rt.com\\\/fr_fr\\\/\"},{\"@type\":\"ListItem\",\"position\":2,\"name\":\"FAQ\"}]},{\"@type\":\"WebSite\",\"@id\":\"https:\\\/\\\/0x4rt.com\\\/#website\",\"url\":\"https:\\\/\\\/0x4rt.com\\\/\",\"name\":\"0x4rt Consulting\",\"description\":\"Conseil en web 3 . cryptoart, NFT et Metavers\",\"publisher\":{\"@id\":\"https:\\\/\\\/0x4rt.com\\\/#organization\"},\"potentialAction\":[{\"@type\":\"SearchAction\",\"target\":{\"@type\":\"EntryPoint\",\"urlTemplate\":\"https:\\\/\\\/0x4rt.com\\\/?s={search_term_string}\"},\"query-input\":{\"@type\":\"PropertyValueSpecification\",\"valueRequired\":true,\"valueName\":\"search_term_string\"}}],\"inLanguage\":\"fr-FR\"},{\"@type\":\"Organization\",\"@id\":\"https:\\\/\\\/0x4rt.com\\\/#organization\",\"name\":\"0x4rt Consulting\",\"url\":\"https:\\\/\\\/0x4rt.com\\\/\",\"logo\":{\"@type\":\"ImageObject\",\"inLanguage\":\"fr-FR\",\"@id\":\"https:\\\/\\\/0x4rt.com\\\/#\\\/schema\\\/logo\\\/image\\\/\",\"url\":\"https:\\\/\\\/0x4rt.com\\\/wp-content\\\/uploads\\\/2022\\\/02\\\/logo-0x4rt-glitche\u0301-fixe-1-e1644504039986.png\",\"contentUrl\":\"https:\\\/\\\/0x4rt.com\\\/wp-content\\\/uploads\\\/2022\\\/02\\\/logo-0x4rt-glitche\u0301-fixe-1-e1644504039986.png\",\"width\":150,\"height\":67,\"caption\":\"0x4rt Consulting\"},\"image\":{\"@id\":\"https:\\\/\\\/0x4rt.com\\\/#\\\/schema\\\/logo\\\/image\\\/\"},\"sameAs\":[\"https:\\\/\\\/x.com\\\/0x4rt\"]}]}<\/script>\n<!-- \/ Yoast SEO plugin. -->","yoast_head_json":{"title":"FAQ - 0x4rt Consulting","description":"Voici les questions fr\u00e9quentes que vous vous posez, et les r\u00e9ponses !","robots":{"index":"index","follow":"follow","max-snippet":"max-snippet:-1","max-image-preview":"max-image-preview:large","max-video-preview":"max-video-preview:-1"},"canonical":"https:\/\/0x4rt.com\/fr_fr\/questions-frequentes\/","og_locale":"fr_FR","og_type":"article","og_title":"FAQ - 0x4rt Consulting","og_description":"Voici les questions fr\u00e9quentes que vous vous posez, et les r\u00e9ponses !","og_url":"https:\/\/0x4rt.com\/fr_fr\/questions-frequentes\/","og_site_name":"0x4rt Consulting","article_modified_time":"2023-02-27T12:49:29+00:00","twitter_card":"summary_large_image","twitter_site":"@0x4rt","twitter_misc":{"Dur\u00e9e de lecture estim\u00e9e":"3 minutes"},"schema":{"@context":"https:\/\/schema.org","@graph":[{"@type":"WebPage","@id":"https:\/\/0x4rt.com\/questions-frequentes\/","url":"https:\/\/0x4rt.com\/questions-frequentes\/","name":"FAQ - 0x4rt Consulting","isPartOf":{"@id":"https:\/\/0x4rt.com\/#website"},"datePublished":"2022-02-14T17:42:06+00:00","dateModified":"2023-02-27T12:49:29+00:00","description":"Voici les questions fr\u00e9quentes que vous vous posez, et les r\u00e9ponses !","breadcrumb":{"@id":"https:\/\/0x4rt.com\/questions-frequentes\/#breadcrumb"},"inLanguage":"fr-FR","potentialAction":[{"@type":"ReadAction","target":["https:\/\/0x4rt.com\/questions-frequentes\/"]}]},{"@type":"BreadcrumbList","@id":"https:\/\/0x4rt.com\/questions-frequentes\/#breadcrumb","itemListElement":[{"@type":"ListItem","position":1,"name":"Accueil","item":"https:\/\/0x4rt.com\/fr_fr\/"},{"@type":"ListItem","position":2,"name":"FAQ"}]},{"@type":"WebSite","@id":"https:\/\/0x4rt.com\/#website","url":"https:\/\/0x4rt.com\/","name":"0x4rt Consulting","description":"Conseil en web 3 . cryptoart, NFT et Metavers","publisher":{"@id":"https:\/\/0x4rt.com\/#organization"},"potentialAction":[{"@type":"SearchAction","target":{"@type":"EntryPoint","urlTemplate":"https:\/\/0x4rt.com\/?s={search_term_string}"},"query-input":{"@type":"PropertyValueSpecification","valueRequired":true,"valueName":"search_term_string"}}],"inLanguage":"fr-FR"},{"@type":"Organization","@id":"https:\/\/0x4rt.com\/#organization","name":"0x4rt Consulting","url":"https:\/\/0x4rt.com\/","logo":{"@type":"ImageObject","inLanguage":"fr-FR","@id":"https:\/\/0x4rt.com\/#\/schema\/logo\/image\/","url":"https:\/\/0x4rt.com\/wp-content\/uploads\/2022\/02\/logo-0x4rt-glitche\u0301-fixe-1-e1644504039986.png","contentUrl":"https:\/\/0x4rt.com\/wp-content\/uploads\/2022\/02\/logo-0x4rt-glitche\u0301-fixe-1-e1644504039986.png","width":150,"height":67,"caption":"0x4rt Consulting"},"image":{"@id":"https:\/\/0x4rt.com\/#\/schema\/logo\/image\/"},"sameAs":["https:\/\/x.com\/0x4rt"]}]}},"_links":{"self":[{"href":"https:\/\/0x4rt.com\/fr_fr\/wp-json\/wp\/v2\/pages\/282","targetHints":{"allow":["GET"]}}],"collection":[{"href":"https:\/\/0x4rt.com\/fr_fr\/wp-json\/wp\/v2\/pages"}],"about":[{"href":"https:\/\/0x4rt.com\/fr_fr\/wp-json\/wp\/v2\/types\/page"}],"author":[{"embeddable":true,"href":"https:\/\/0x4rt.com\/fr_fr\/wp-json\/wp\/v2\/users\/1"}],"replies":[{"embeddable":true,"href":"https:\/\/0x4rt.com\/fr_fr\/wp-json\/wp\/v2\/comments?post=282"}],"version-history":[{"count":3,"href":"https:\/\/0x4rt.com\/fr_fr\/wp-json\/wp\/v2\/pages\/282\/revisions"}],"predecessor-version":[{"id":1356,"href":"https:\/\/0x4rt.com\/fr_fr\/wp-json\/wp\/v2\/pages\/282\/revisions\/1356"}],"wp:attachment":[{"href":"https:\/\/0x4rt.com\/fr_fr\/wp-json\/wp\/v2\/media?parent=282"}],"curies":[{"name":"wp","href":"https:\/\/api.w.org\/{rel}","templated":true}]}}