{"id":282,"date":"2022-02-14T18:42:06","date_gmt":"2022-02-14T17:42:06","guid":{"rendered":"https:\/\/0x4rt.com\/?page_id=282"},"modified":"2023-02-27T13:49:29","modified_gmt":"2023-02-27T12:49:29","slug":"questions-frequentes","status":"publish","type":"page","link":"https:\/\/0x4rt.com\/en\/questions-frequentes\/","title":{"rendered":"FAQ"},"content":{"rendered":"<div data-elementor-type=\"wp-page\" data-elementor-id=\"282\" class=\"elementor elementor-282\" data-elementor-post-type=\"page\">\n\t\t\t\t\t\t<section class=\"elementor-section elementor-top-section elementor-element elementor-element-5d9a60e3 elementor-section-content-middle elementor-section-full_width elementor-section-height-default elementor-section-height-default\" data-id=\"5d9a60e3\" data-element_type=\"section\" data-e-type=\"section\">\n\t\t\t\t\t\t<div class=\"elementor-container elementor-column-gap-no\">\n\t\t\t\t\t<div class=\"elementor-column elementor-col-100 elementor-top-column elementor-element elementor-element-1693eaa7\" data-id=\"1693eaa7\" data-element_type=\"column\" data-e-type=\"column\">\n\t\t\t<div class=\"elementor-widget-wrap elementor-element-populated\">\n\t\t\t\t\t\t<div class=\"elementor-element elementor-element-1e51b4a0 elementor-widget elementor-widget-heading\" data-id=\"1e51b4a0\" data-element_type=\"widget\" data-e-type=\"widget\" data-widget_type=\"heading.default\">\n\t\t\t\t<div class=\"elementor-widget-container\">\n\t\t\t\t\t<h4 class=\"elementor-heading-title elementor-size-default\">Frequently Asked Questions<\/h4>\t\t\t\t<\/div>\n\t\t\t\t<\/div>\n\t\t\t\t<div class=\"elementor-element elementor-element-5c65991 elementor-widget elementor-widget-text-editor\" data-id=\"5c65991\" data-element_type=\"widget\" data-e-type=\"widget\" data-widget_type=\"text-editor.default\">\n\t\t\t\t<div class=\"elementor-widget-container\">\n\t\t\t\t\t\t\t\t\t<p>Here are answers to frequently asked questions.<\/p><p>Contact us if you want to know more.<\/p>\t\t\t\t\t\t\t\t<\/div>\n\t\t\t\t<\/div>\n\t\t\t\t<section class=\"elementor-section elementor-inner-section elementor-element elementor-element-6b3fd46b elementor-section-content-middle elementor-section-boxed elementor-section-height-default elementor-section-height-default\" data-id=\"6b3fd46b\" data-element_type=\"section\" data-e-type=\"section\">\n\t\t\t\t\t\t<div class=\"elementor-container elementor-column-gap-default\">\n\t\t\t\t\t<div class=\"elementor-column elementor-col-100 elementor-inner-column elementor-element elementor-element-4c5911cc\" data-id=\"4c5911cc\" data-element_type=\"column\" data-e-type=\"column\">\n\t\t\t<div class=\"elementor-widget-wrap elementor-element-populated\">\n\t\t\t\t\t\t<div class=\"elementor-element elementor-element-5c0fc9b elementor-widget elementor-widget-accordion\" data-id=\"5c0fc9b\" data-element_type=\"widget\" data-e-type=\"widget\" data-widget_type=\"accordion.default\">\n\t\t\t\t<div class=\"elementor-widget-container\">\n\t\t\t\t\t\t\t<div class=\"elementor-accordion\">\n\t\t\t\t\t\t\t<div class=\"elementor-accordion-item\">\n\t\t\t\t\t<div id=\"elementor-tab-title-9651\" class=\"elementor-tab-title\" data-tab=\"1\" role=\"button\" aria-controls=\"elementor-tab-content-9651\" aria-expanded=\"false\">\n\t\t\t\t\t\t\t\t\t\t\t\t\t<span class=\"elementor-accordion-icon elementor-accordion-icon-left\" aria-hidden=\"true\">\n\t\t\t\t\t\t\t\t\t\t\t\t\t\t\t<span class=\"elementor-accordion-icon-closed\"><i class=\"fas fa-plus\"><\/i><\/span>\n\t\t\t\t\t\t\t\t<span class=\"elementor-accordion-icon-opened\"><i class=\"fas fa-plus\"><\/i><\/span>\n\t\t\t\t\t\t\t\t\t\t\t\t\t\t<\/span>\n\t\t\t\t\t\t\t\t\t\t\t\t<a class=\"elementor-accordion-title\" tabindex=\"0\">Why choose you?<\/a>\n\t\t\t\t\t<\/div>\n\t\t\t\t\t<div id=\"elementor-tab-content-9651\" class=\"elementor-tab-content elementor-clearfix\" data-tab=\"1\" role=\"region\" aria-labelledby=\"elementor-tab-title-9651\"><p>Because we have an indisputable precedence and we know how \"web3\" works. It's a complex ecosystem, totally different from what we know.<\/p><p>Our experience is a game-changer when it comes to choosing the best solution.<br \/><br \/>Ask other consulting firms for how long they have been in web3 before choosing them!<\/p><\/div>\n\t\t\t\t<\/div>\n\t\t\t\t\t\t\t<div class=\"elementor-accordion-item\">\n\t\t\t\t\t<div id=\"elementor-tab-title-9652\" class=\"elementor-tab-title\" data-tab=\"2\" role=\"button\" aria-controls=\"elementor-tab-content-9652\" aria-expanded=\"false\">\n\t\t\t\t\t\t\t\t\t\t\t\t\t<span class=\"elementor-accordion-icon elementor-accordion-icon-left\" aria-hidden=\"true\">\n\t\t\t\t\t\t\t\t\t\t\t\t\t\t\t<span class=\"elementor-accordion-icon-closed\"><i class=\"fas fa-plus\"><\/i><\/span>\n\t\t\t\t\t\t\t\t<span class=\"elementor-accordion-icon-opened\"><i class=\"fas fa-plus\"><\/i><\/span>\n\t\t\t\t\t\t\t\t\t\t\t\t\t\t<\/span>\n\t\t\t\t\t\t\t\t\t\t\t\t<a class=\"elementor-accordion-title\" tabindex=\"0\">In a few words, who are you?<\/a>\n\t\t\t\t\t<\/div>\n\t\t\t\t\t<div id=\"elementor-tab-content-9652\" class=\"elementor-tab-content elementor-clearfix\" data-tab=\"2\" role=\"region\" aria-labelledby=\"elementor-tab-title-9652\"><p>Beno\u00eet is one of the very first collectors of cryptoart \/ NFT. He founded the Museum of Crypto Art (MoCA) in one of the very first metaverses, in 2018. He is also a founding partner of NFT Factory.<\/p><p>Albertine is a renowned digital artist but also a compulsive NFT collector. She created the DataDada movement.<\/p><p>Finally, Thuy-Tien comes with her marketing background and experience on branding. Also a collector of cryptoart, she participates in the life of the MoCA and enriches the collection. She handles all events, whether in the metaverse or in \u201creal life\u201d like Cryptoart Revolution.<\/p><\/div>\n\t\t\t\t<\/div>\n\t\t\t\t\t\t\t<div class=\"elementor-accordion-item\">\n\t\t\t\t\t<div id=\"elementor-tab-title-9653\" class=\"elementor-tab-title\" data-tab=\"3\" role=\"button\" aria-controls=\"elementor-tab-content-9653\" aria-expanded=\"false\">\n\t\t\t\t\t\t\t\t\t\t\t\t\t<span class=\"elementor-accordion-icon elementor-accordion-icon-left\" aria-hidden=\"true\">\n\t\t\t\t\t\t\t\t\t\t\t\t\t\t\t<span class=\"elementor-accordion-icon-closed\"><i class=\"fas fa-plus\"><\/i><\/span>\n\t\t\t\t\t\t\t\t<span class=\"elementor-accordion-icon-opened\"><i class=\"fas fa-plus\"><\/i><\/span>\n\t\t\t\t\t\t\t\t\t\t\t\t\t\t<\/span>\n\t\t\t\t\t\t\t\t\t\t\t\t<a class=\"elementor-accordion-title\" tabindex=\"0\">Who do you work for?<\/a>\n\t\t\t\t\t<\/div>\n\t\t\t\t\t<div id=\"elementor-tab-content-9653\" class=\"elementor-tab-content elementor-clearfix\" data-tab=\"3\" role=\"region\" aria-labelledby=\"elementor-tab-title-9653\"><p>We work for individuals as well as institutions.<\/p><p>With us, there is no \"junior\" nor \"senior\" consultant, we work together as a team.<\/p><p>Therefore, you will have tailor-made services, at a level of expertise that you will rarely find in other consulting companies.<\/p><\/div>\n\t\t\t\t<\/div>\n\t\t\t\t\t\t\t<div class=\"elementor-accordion-item\">\n\t\t\t\t\t<div id=\"elementor-tab-title-9654\" class=\"elementor-tab-title\" data-tab=\"4\" role=\"button\" aria-controls=\"elementor-tab-content-9654\" aria-expanded=\"false\">\n\t\t\t\t\t\t\t\t\t\t\t\t\t<span class=\"elementor-accordion-icon elementor-accordion-icon-left\" aria-hidden=\"true\">\n\t\t\t\t\t\t\t\t\t\t\t\t\t\t\t<span class=\"elementor-accordion-icon-closed\"><i class=\"fas fa-plus\"><\/i><\/span>\n\t\t\t\t\t\t\t\t<span class=\"elementor-accordion-icon-opened\"><i class=\"fas fa-plus\"><\/i><\/span>\n\t\t\t\t\t\t\t\t\t\t\t\t\t\t<\/span>\n\t\t\t\t\t\t\t\t\t\t\t\t<a class=\"elementor-accordion-title\" tabindex=\"0\">Do you provide classes on NFTs?<\/a>\n\t\t\t\t\t<\/div>\n\t\t\t\t\t<div id=\"elementor-tab-content-9654\" class=\"elementor-tab-content elementor-clearfix\" data-tab=\"4\" role=\"region\" aria-labelledby=\"elementor-tab-title-9654\"><p>Yes, we can teach anyone!<\/p><p>Whether you are just curious, or collectors, companies or public organizations, we can train you and train your staff or your external audiences.<\/p><\/div>\n\t\t\t\t<\/div>\n\t\t\t\t\t\t\t<div class=\"elementor-accordion-item\">\n\t\t\t\t\t<div id=\"elementor-tab-title-9655\" class=\"elementor-tab-title\" data-tab=\"5\" role=\"button\" aria-controls=\"elementor-tab-content-9655\" aria-expanded=\"false\">\n\t\t\t\t\t\t\t\t\t\t\t\t\t<span class=\"elementor-accordion-icon elementor-accordion-icon-left\" aria-hidden=\"true\">\n\t\t\t\t\t\t\t\t\t\t\t\t\t\t\t<span class=\"elementor-accordion-icon-closed\"><i class=\"fas fa-plus\"><\/i><\/span>\n\t\t\t\t\t\t\t\t<span class=\"elementor-accordion-icon-opened\"><i class=\"fas fa-plus\"><\/i><\/span>\n\t\t\t\t\t\t\t\t\t\t\t\t\t\t<\/span>\n\t\t\t\t\t\t\t\t\t\t\t\t<a class=\"elementor-accordion-title\" tabindex=\"0\">I would like to collect NFTs, can you be my art advisor?<\/a>\n\t\t\t\t\t<\/div>\n\t\t\t\t\t<div id=\"elementor-tab-content-9655\" class=\"elementor-tab-content elementor-clearfix\" data-tab=\"5\" role=\"region\" aria-labelledby=\"elementor-tab-title-9655\"><p>Of course!<\/p><p>We would be delighted to advise you on building a collection that suits you, whether for a private or institutional collection.<\/p><p>Here's why:<\/p><p>Beno\u00eet has one of the most representative collections of cryptoart, with a majority of works by OGs (\u201cOriginal Gangsters\u201d: the founding artists of the movement).<\/p><p>Albertine is a compulsive collector, she is also a reknowned digital artist and therefore she knows what she's talking about \ud83d\ude09<\/p><p>Finally, Thuy-Tien is the fun side of MoCA (Museum of Crypto Art), she is interested in new artists and photography.<\/p><\/div>\n\t\t\t\t<\/div>\n\t\t\t\t\t\t\t<div class=\"elementor-accordion-item\">\n\t\t\t\t\t<div id=\"elementor-tab-title-9656\" class=\"elementor-tab-title\" data-tab=\"6\" role=\"button\" aria-controls=\"elementor-tab-content-9656\" aria-expanded=\"false\">\n\t\t\t\t\t\t\t\t\t\t\t\t\t<span class=\"elementor-accordion-icon elementor-accordion-icon-left\" aria-hidden=\"true\">\n\t\t\t\t\t\t\t\t\t\t\t\t\t\t\t<span class=\"elementor-accordion-icon-closed\"><i class=\"fas fa-plus\"><\/i><\/span>\n\t\t\t\t\t\t\t\t<span class=\"elementor-accordion-icon-opened\"><i class=\"fas fa-plus\"><\/i><\/span>\n\t\t\t\t\t\t\t\t\t\t\t\t\t\t<\/span>\n\t\t\t\t\t\t\t\t\t\t\t\t<a class=\"elementor-accordion-title\" tabindex=\"0\">We want to organize a cryptoart \/ NFT exhibition. Can we contact you?\u200b<\/a>\n\t\t\t\t\t<\/div>\n\t\t\t\t\t<div id=\"elementor-tab-content-9656\" class=\"elementor-tab-content elementor-clearfix\" data-tab=\"6\" role=\"region\" aria-labelledby=\"elementor-tab-title-9656\"><p>Of course!<\/p><p>We are the creators of \u201cCryptoart Revolution\u201d, the first cryptoart exhibition in France.<\/p><p>MoCA, the museum founded by Beno\u00eet in the Metaverse, exhibits a selection of works from its permanent collection as well as temporary exhibitions.<\/p><p>We will advise and help you to create your exhibition, whether with works from our collection of more than 2000 NFTs, or works selected especially for your event.<\/p><p>And we can also provide you with exhibition halls in the Metaverse.<\/p><\/div>\n\t\t\t\t<\/div>\n\t\t\t\t\t\t\t<div class=\"elementor-accordion-item\">\n\t\t\t\t\t<div id=\"elementor-tab-title-9657\" class=\"elementor-tab-title\" data-tab=\"7\" role=\"button\" aria-controls=\"elementor-tab-content-9657\" aria-expanded=\"false\">\n\t\t\t\t\t\t\t\t\t\t\t\t\t<span class=\"elementor-accordion-icon elementor-accordion-icon-left\" aria-hidden=\"true\">\n\t\t\t\t\t\t\t\t\t\t\t\t\t\t\t<span class=\"elementor-accordion-icon-closed\"><i class=\"fas fa-plus\"><\/i><\/span>\n\t\t\t\t\t\t\t\t<span class=\"elementor-accordion-icon-opened\"><i class=\"fas fa-plus\"><\/i><\/span>\n\t\t\t\t\t\t\t\t\t\t\t\t\t\t<\/span>\n\t\t\t\t\t\t\t\t\t\t\t\t<a class=\"elementor-accordion-title\" tabindex=\"0\">Which languages do you speak?<\/a>\n\t\t\t\t\t<\/div>\n\t\t\t\t\t<div id=\"elementor-tab-content-9657\" class=\"elementor-tab-content elementor-clearfix\" data-tab=\"7\" role=\"region\" aria-labelledby=\"elementor-tab-title-9657\"><p>French and English.<\/p><p>Thuy-Tien and Beno\u00eet lived in the United States and worked in international companies.<\/p><p>In addition, our Twitter accounts are in English because this is how we communicate with with the cryptoart community, which comes from all over the world.<\/p><\/div>\n\t\t\t\t<\/div>\n\t\t\t\t\t\t\t<div class=\"elementor-accordion-item\">\n\t\t\t\t\t<div id=\"elementor-tab-title-9658\" class=\"elementor-tab-title\" data-tab=\"8\" role=\"button\" aria-controls=\"elementor-tab-content-9658\" aria-expanded=\"false\">\n\t\t\t\t\t\t\t\t\t\t\t\t\t<span class=\"elementor-accordion-icon elementor-accordion-icon-left\" aria-hidden=\"true\">\n\t\t\t\t\t\t\t\t\t\t\t\t\t\t\t<span class=\"elementor-accordion-icon-closed\"><i class=\"fas fa-plus\"><\/i><\/span>\n\t\t\t\t\t\t\t\t<span class=\"elementor-accordion-icon-opened\"><i class=\"fas fa-plus\"><\/i><\/span>\n\t\t\t\t\t\t\t\t\t\t\t\t\t\t<\/span>\n\t\t\t\t\t\t\t\t\t\t\t\t<a class=\"elementor-accordion-title\" tabindex=\"0\">Where does your name come from? How it is pronounced ?<\/a>\n\t\t\t\t\t<\/div>\n\t\t\t\t\t<div id=\"elementor-tab-content-9658\" class=\"elementor-tab-content elementor-clearfix\" data-tab=\"8\" role=\"region\" aria-labelledby=\"elementor-tab-title-9658\"><p>\u201c0x\u201d (zero \u2013 x) are the first two characters of Ethereum wallets.<\/p><p>\u201c4rt\u201d comes for \u201cArt\u201d.<\/p><p>Pronounce it \u00ab O-X-ART \u00bb.<\/p><p>Don't say 33, but say \u00ab O X ART \u00bb!<\/p><\/div>\n\t\t\t\t<\/div>\n\t\t\t\t\t\t\t\t<\/div>\n\t\t\t\t\t\t<\/div>\n\t\t\t\t<\/div>\n\t\t\t\t\t<\/div>\n\t\t<\/div>\n\t\t\t\t\t<\/div>\n\t\t<\/section>\n\t\t\t\t\t<\/div>\n\t\t<\/div>\n\t\t\t\t\t<\/div>\n\t\t<\/section>\n\t\t\t\t<section class=\"elementor-section elementor-top-section elementor-element elementor-element-305f920 elementor-section-boxed elementor-section-height-default elementor-section-height-default\" data-id=\"305f920\" data-element_type=\"section\" data-e-type=\"section\">\n\t\t\t\t\t\t<div class=\"elementor-container elementor-column-gap-default\">\n\t\t\t\t\t<div class=\"elementor-column elementor-col-100 elementor-top-column elementor-element elementor-element-f2c6496\" data-id=\"f2c6496\" data-element_type=\"column\" data-e-type=\"column\">\n\t\t\t<div class=\"elementor-widget-wrap\">\n\t\t\t\t\t\t\t<\/div>\n\t\t<\/div>\n\t\t\t\t\t<\/div>\n\t\t<\/section>\n\t\t\t\t<\/div>","protected":false},"excerpt":{"rendered":"<p>Questions fr\u00e9quentes Voici des r\u00e9ponses aux questions fr\u00e9quentes que vous vous posez. Contactez-nous si vous souhaitez en savoir davantage. Pourquoi vous choisir ? Parce que nous avons une ant\u00e9riorit\u00e9 indiscutable et que le \u00ab\u00a0web3\u00a0\u00bb est un \u00e9cosyst\u00e8me complexe, totalement diff\u00e9rent de ce que l&rsquo;on conna\u00eet. Cette exp\u00e9rience change la donne quand il s&rsquo;agit de choisir [&hellip;]<\/p>\n","protected":false},"author":1,"featured_media":0,"parent":0,"menu_order":0,"comment_status":"closed","ping_status":"closed","template":"elementor_header_footer","meta":{"footnotes":""},"class_list":["post-282","page","type-page","status-publish","hentry"],"yoast_head":"<!-- This site is optimized with the Yoast SEO plugin v27.4 - https:\/\/yoast.com\/product\/yoast-seo-wordpress\/ -->\n<title>FAQ - 0x4rt Consulting<\/title>\n<meta name=\"description\" content=\"Voici les questions fr\u00e9quentes que vous vous posez, et les r\u00e9ponses !\" \/>\n<meta name=\"robots\" content=\"index, follow, max-snippet:-1, max-image-preview:large, max-video-preview:-1\" \/>\n<link rel=\"canonical\" href=\"https:\/\/0x4rt.com\/en\/questions-frequentes\/\" \/>\n<meta property=\"og:locale\" content=\"en_GB\" \/>\n<meta property=\"og:type\" content=\"article\" \/>\n<meta property=\"og:title\" content=\"FAQ - 0x4rt Consulting\" \/>\n<meta property=\"og:description\" content=\"Voici les questions fr\u00e9quentes que vous vous posez, et les r\u00e9ponses !\" \/>\n<meta property=\"og:url\" content=\"https:\/\/0x4rt.com\/en\/questions-frequentes\/\" \/>\n<meta property=\"og:site_name\" content=\"0x4rt Consulting\" \/>\n<meta property=\"article:modified_time\" content=\"2023-02-27T12:49:29+00:00\" \/>\n<meta name=\"twitter:card\" content=\"summary_large_image\" \/>\n<meta name=\"twitter:site\" content=\"@0x4rt\" \/>\n<meta name=\"twitter:label1\" content=\"Estimated reading time\" \/>\n\t<meta name=\"twitter:data1\" content=\"3 minutes\" \/>\n<script type=\"application\/ld+json\" class=\"yoast-schema-graph\">{\"@context\":\"https:\\\/\\\/schema.org\",\"@graph\":[{\"@type\":\"WebPage\",\"@id\":\"https:\\\/\\\/0x4rt.com\\\/questions-frequentes\\\/\",\"url\":\"https:\\\/\\\/0x4rt.com\\\/questions-frequentes\\\/\",\"name\":\"FAQ - 0x4rt Consulting\",\"isPartOf\":{\"@id\":\"https:\\\/\\\/0x4rt.com\\\/#website\"},\"datePublished\":\"2022-02-14T17:42:06+00:00\",\"dateModified\":\"2023-02-27T12:49:29+00:00\",\"description\":\"Voici les questions fr\u00e9quentes que vous vous posez, et les r\u00e9ponses !\",\"breadcrumb\":{\"@id\":\"https:\\\/\\\/0x4rt.com\\\/questions-frequentes\\\/#breadcrumb\"},\"inLanguage\":\"en-GB\",\"potentialAction\":[{\"@type\":\"ReadAction\",\"target\":[\"https:\\\/\\\/0x4rt.com\\\/questions-frequentes\\\/\"]}]},{\"@type\":\"BreadcrumbList\",\"@id\":\"https:\\\/\\\/0x4rt.com\\\/questions-frequentes\\\/#breadcrumb\",\"itemListElement\":[{\"@type\":\"ListItem\",\"position\":1,\"name\":\"Accueil\",\"item\":\"https:\\\/\\\/0x4rt.com\\\/fr_fr\\\/\"},{\"@type\":\"ListItem\",\"position\":2,\"name\":\"FAQ\"}]},{\"@type\":\"WebSite\",\"@id\":\"https:\\\/\\\/0x4rt.com\\\/#website\",\"url\":\"https:\\\/\\\/0x4rt.com\\\/\",\"name\":\"0x4rt Consulting\",\"description\":\"Conseil en web 3 . cryptoart, NFT et Metavers\",\"publisher\":{\"@id\":\"https:\\\/\\\/0x4rt.com\\\/#organization\"},\"potentialAction\":[{\"@type\":\"SearchAction\",\"target\":{\"@type\":\"EntryPoint\",\"urlTemplate\":\"https:\\\/\\\/0x4rt.com\\\/?s={search_term_string}\"},\"query-input\":{\"@type\":\"PropertyValueSpecification\",\"valueRequired\":true,\"valueName\":\"search_term_string\"}}],\"inLanguage\":\"en-GB\"},{\"@type\":\"Organization\",\"@id\":\"https:\\\/\\\/0x4rt.com\\\/#organization\",\"name\":\"0x4rt Consulting\",\"url\":\"https:\\\/\\\/0x4rt.com\\\/\",\"logo\":{\"@type\":\"ImageObject\",\"inLanguage\":\"en-GB\",\"@id\":\"https:\\\/\\\/0x4rt.com\\\/#\\\/schema\\\/logo\\\/image\\\/\",\"url\":\"https:\\\/\\\/0x4rt.com\\\/wp-content\\\/uploads\\\/2022\\\/02\\\/logo-0x4rt-glitche\u0301-fixe-1-e1644504039986.png\",\"contentUrl\":\"https:\\\/\\\/0x4rt.com\\\/wp-content\\\/uploads\\\/2022\\\/02\\\/logo-0x4rt-glitche\u0301-fixe-1-e1644504039986.png\",\"width\":150,\"height\":67,\"caption\":\"0x4rt Consulting\"},\"image\":{\"@id\":\"https:\\\/\\\/0x4rt.com\\\/#\\\/schema\\\/logo\\\/image\\\/\"},\"sameAs\":[\"https:\\\/\\\/x.com\\\/0x4rt\"]}]}<\/script>\n<!-- \/ Yoast SEO plugin. -->","yoast_head_json":{"title":"FAQ - 0x4rt Consulting","description":"Voici les questions fr\u00e9quentes que vous vous posez, et les r\u00e9ponses !","robots":{"index":"index","follow":"follow","max-snippet":"max-snippet:-1","max-image-preview":"max-image-preview:large","max-video-preview":"max-video-preview:-1"},"canonical":"https:\/\/0x4rt.com\/en\/questions-frequentes\/","og_locale":"en_GB","og_type":"article","og_title":"FAQ - 0x4rt Consulting","og_description":"Voici les questions fr\u00e9quentes que vous vous posez, et les r\u00e9ponses !","og_url":"https:\/\/0x4rt.com\/en\/questions-frequentes\/","og_site_name":"0x4rt Consulting","article_modified_time":"2023-02-27T12:49:29+00:00","twitter_card":"summary_large_image","twitter_site":"@0x4rt","twitter_misc":{"Estimated reading time":"3 minutes"},"schema":{"@context":"https:\/\/schema.org","@graph":[{"@type":"WebPage","@id":"https:\/\/0x4rt.com\/questions-frequentes\/","url":"https:\/\/0x4rt.com\/questions-frequentes\/","name":"FAQ - 0x4rt Consulting","isPartOf":{"@id":"https:\/\/0x4rt.com\/#website"},"datePublished":"2022-02-14T17:42:06+00:00","dateModified":"2023-02-27T12:49:29+00:00","description":"Voici les questions fr\u00e9quentes que vous vous posez, et les r\u00e9ponses !","breadcrumb":{"@id":"https:\/\/0x4rt.com\/questions-frequentes\/#breadcrumb"},"inLanguage":"en-GB","potentialAction":[{"@type":"ReadAction","target":["https:\/\/0x4rt.com\/questions-frequentes\/"]}]},{"@type":"BreadcrumbList","@id":"https:\/\/0x4rt.com\/questions-frequentes\/#breadcrumb","itemListElement":[{"@type":"ListItem","position":1,"name":"Accueil","item":"https:\/\/0x4rt.com\/fr_fr\/"},{"@type":"ListItem","position":2,"name":"FAQ"}]},{"@type":"WebSite","@id":"https:\/\/0x4rt.com\/#website","url":"https:\/\/0x4rt.com\/","name":"0x4rt Consulting","description":"Conseil en web 3 . cryptoart, NFT et Metavers","publisher":{"@id":"https:\/\/0x4rt.com\/#organization"},"potentialAction":[{"@type":"SearchAction","target":{"@type":"EntryPoint","urlTemplate":"https:\/\/0x4rt.com\/?s={search_term_string}"},"query-input":{"@type":"PropertyValueSpecification","valueRequired":true,"valueName":"search_term_string"}}],"inLanguage":"en-GB"},{"@type":"Organization","@id":"https:\/\/0x4rt.com\/#organization","name":"0x4rt Consulting","url":"https:\/\/0x4rt.com\/","logo":{"@type":"ImageObject","inLanguage":"en-GB","@id":"https:\/\/0x4rt.com\/#\/schema\/logo\/image\/","url":"https:\/\/0x4rt.com\/wp-content\/uploads\/2022\/02\/logo-0x4rt-glitche\u0301-fixe-1-e1644504039986.png","contentUrl":"https:\/\/0x4rt.com\/wp-content\/uploads\/2022\/02\/logo-0x4rt-glitche\u0301-fixe-1-e1644504039986.png","width":150,"height":67,"caption":"0x4rt Consulting"},"image":{"@id":"https:\/\/0x4rt.com\/#\/schema\/logo\/image\/"},"sameAs":["https:\/\/x.com\/0x4rt"]}]}},"_links":{"self":[{"href":"https:\/\/0x4rt.com\/en\/wp-json\/wp\/v2\/pages\/282","targetHints":{"allow":["GET"]}}],"collection":[{"href":"https:\/\/0x4rt.com\/en\/wp-json\/wp\/v2\/pages"}],"about":[{"href":"https:\/\/0x4rt.com\/en\/wp-json\/wp\/v2\/types\/page"}],"author":[{"embeddable":true,"href":"https:\/\/0x4rt.com\/en\/wp-json\/wp\/v2\/users\/1"}],"replies":[{"embeddable":true,"href":"https:\/\/0x4rt.com\/en\/wp-json\/wp\/v2\/comments?post=282"}],"version-history":[{"count":3,"href":"https:\/\/0x4rt.com\/en\/wp-json\/wp\/v2\/pages\/282\/revisions"}],"predecessor-version":[{"id":1356,"href":"https:\/\/0x4rt.com\/en\/wp-json\/wp\/v2\/pages\/282\/revisions\/1356"}],"wp:attachment":[{"href":"https:\/\/0x4rt.com\/en\/wp-json\/wp\/v2\/media?parent=282"}],"curies":[{"name":"wp","href":"https:\/\/api.w.org\/{rel}","templated":true}]}}