{"id":1413,"date":"2023-02-27T15:52:35","date_gmt":"2023-02-27T14:52:35","guid":{"rendered":"https:\/\/0x4rt.com\/?page_id=1413"},"modified":"2023-03-02T17:09:43","modified_gmt":"2023-03-02T16:09:43","slug":"oeuvres-en-vente-2","status":"publish","type":"page","link":"https:\/\/0x4rt.com\/en\/oeuvres-en-vente-2\/","title":{"rendered":"Artworks for sale"},"content":{"rendered":"\t\t<div data-elementor-type=\"wp-page\" data-elementor-id=\"1413\" class=\"elementor elementor-1413\" data-elementor-post-type=\"page\">\n\t\t\t\t\t\t<section class=\"elementor-section elementor-top-section elementor-element elementor-element-2101952a elementor-section-boxed elementor-section-height-default elementor-section-height-default\" data-id=\"2101952a\" data-element_type=\"section\" data-e-type=\"section\">\n\t\t\t\t\t\t<div class=\"elementor-container elementor-column-gap-no\">\n\t\t\t\t\t<div class=\"elementor-column elementor-col-100 elementor-top-column elementor-element elementor-element-190a258\" data-id=\"190a258\" data-element_type=\"column\" data-e-type=\"column\">\n\t\t\t<div class=\"elementor-widget-wrap elementor-element-populated\">\n\t\t\t\t\t\t<div class=\"elementor-element elementor-element-542ba051 animated-slow elementor-invisible elementor-widget elementor-widget-heading\" data-id=\"542ba051\" data-element_type=\"widget\" data-e-type=\"widget\" data-settings=\"{&quot;_animation&quot;:&quot;fadeIn&quot;}\" data-widget_type=\"heading.default\">\n\t\t\t\t<div class=\"elementor-widget-container\">\n\t\t\t\t\t<h2 class=\"elementor-heading-title elementor-size-default\">\u0152uvres actuellement en vente<\/h2>\t\t\t\t<\/div>\n\t\t\t\t<\/div>\n\t\t\t\t<div class=\"elementor-element elementor-element-1fbc461 elementor-widget elementor-widget-text-editor\" data-id=\"1fbc461\" data-element_type=\"widget\" data-e-type=\"widget\" data-widget_type=\"text-editor.default\">\n\t\t\t\t<div class=\"elementor-widget-container\">\n\t\t\t\t\t\t\t\t\t<p>Nous s\u00e9lectionnons r\u00e9guli\u00e8rement des \u0153uvres de cryptoart et des NFT que vous pouvez achetez directement en ligne.<\/p>\t\t\t\t\t\t\t\t<\/div>\n\t\t\t\t<\/div>\n\t\t\t\t\t<\/div>\n\t\t<\/div>\n\t\t\t\t\t<\/div>\n\t\t<\/section>\n\t\t\t\t<section class=\"elementor-section elementor-top-section elementor-element elementor-element-bb345fe elementor-section-boxed elementor-section-height-default elementor-section-height-default\" data-id=\"bb345fe\" data-element_type=\"section\" data-e-type=\"section\">\n\t\t\t\t\t\t<div class=\"elementor-container elementor-column-gap-default\">\n\t\t\t\t\t<div class=\"elementor-column elementor-col-50 elementor-top-column elementor-element elementor-element-d911dfb\" data-id=\"d911dfb\" data-element_type=\"column\" data-e-type=\"column\">\n\t\t\t<div class=\"elementor-widget-wrap elementor-element-populated\">\n\t\t\t\t\t\t<div class=\"elementor-element elementor-element-69d4b97 elementor-widget elementor-widget-text-editor\" data-id=\"69d4b97\" data-element_type=\"widget\" data-e-type=\"widget\" data-widget_type=\"text-editor.default\">\n\t\t\t\t<div class=\"elementor-widget-container\">\n\t\t\t\t\t\t\t\t\t<p><a href=\"https:\/\/opensea.io\/0x4rt_?search[toggles][0]=BUY_NOW\">Visitez notre page sur Opensea<\/a><\/p>\t\t\t\t\t\t\t\t<\/div>\n\t\t\t\t<\/div>\n\t\t\t\t\t<\/div>\n\t\t<\/div>\n\t\t\t\t<div class=\"elementor-column elementor-col-50 elementor-top-column elementor-element elementor-element-b9be4f0\" data-id=\"b9be4f0\" data-element_type=\"column\" data-e-type=\"column\">\n\t\t\t<div class=\"elementor-widget-wrap elementor-element-populated\">\n\t\t\t\t\t\t<div class=\"elementor-element elementor-element-90c57ab elementor-widget elementor-widget-image\" data-id=\"90c57ab\" data-element_type=\"widget\" data-e-type=\"widget\" data-widget_type=\"image.default\">\n\t\t\t\t<div class=\"elementor-widget-container\">\n\t\t\t\t\t\t\t\t\t\t\t\t\t\t\t\t<a href=\"https:\/\/opensea.io\/0x4rt_?search%5Btoggles%5D%5B0%5D=BUY_NOW\">\n\t\t\t\t\t\t\t<img decoding=\"async\" width=\"150\" height=\"150\" src=\"https:\/\/0x4rt.com\/wp-content\/uploads\/2023\/02\/Opensea-logo-150x150.jpg\" class=\"attachment-thumbnail size-thumbnail wp-image-1460\" alt=\"\" srcset=\"https:\/\/0x4rt.com\/wp-content\/uploads\/2023\/02\/Opensea-logo-150x150.jpg 150w, https:\/\/0x4rt.com\/wp-content\/uploads\/2023\/02\/Opensea-logo-300x300.jpg 300w, https:\/\/0x4rt.com\/wp-content\/uploads\/2023\/02\/Opensea-logo-12x12.jpg 12w, https:\/\/0x4rt.com\/wp-content\/uploads\/2023\/02\/Opensea-logo.jpg 360w\" sizes=\"(max-width: 150px) 100vw, 150px\" \/>\t\t\t\t\t\t\t\t<\/a>\n\t\t\t\t\t\t\t\t\t\t\t\t\t\t\t<\/div>\n\t\t\t\t<\/div>\n\t\t\t\t\t<\/div>\n\t\t<\/div>\n\t\t\t\t\t<\/div>\n\t\t<\/section>\n\t\t\t\t<section class=\"elementor-section elementor-top-section elementor-element elementor-element-3f54113 elementor-section-boxed elementor-section-height-default elementor-section-height-default\" data-id=\"3f54113\" data-element_type=\"section\" data-e-type=\"section\">\n\t\t\t\t\t\t<div class=\"elementor-container elementor-column-gap-default\">\n\t\t\t\t\t<div class=\"elementor-column elementor-col-50 elementor-top-column elementor-element elementor-element-c586dd4\" data-id=\"c586dd4\" data-element_type=\"column\" data-e-type=\"column\">\n\t\t\t<div class=\"elementor-widget-wrap elementor-element-populated\">\n\t\t\t\t\t\t<div class=\"elementor-element elementor-element-638e7d6 elementor-widget elementor-widget-text-editor\" data-id=\"638e7d6\" data-element_type=\"widget\" data-e-type=\"widget\" data-widget_type=\"text-editor.default\">\n\t\t\t\t<div class=\"elementor-widget-container\">\n\t\t\t\t\t\t\t\t\t<p>Ou cliquez directement sur les \u0153uvres ci-dessous<\/p>\t\t\t\t\t\t\t\t<\/div>\n\t\t\t\t<\/div>\n\t\t\t\t\t<\/div>\n\t\t<\/div>\n\t\t\t\t<div class=\"elementor-column elementor-col-50 elementor-top-column elementor-element elementor-element-51b571d\" data-id=\"51b571d\" data-element_type=\"column\" data-e-type=\"column\">\n\t\t\t<div class=\"elementor-widget-wrap elementor-element-populated\">\n\t\t\t\t\t\t<div class=\"elementor-element elementor-element-53b2d66 elementor-view-default elementor-widget elementor-widget-icon\" data-id=\"53b2d66\" data-element_type=\"widget\" data-e-type=\"widget\" data-widget_type=\"icon.default\">\n\t\t\t\t<div class=\"elementor-widget-container\">\n\t\t\t\t\t\t\t<div class=\"elementor-icon-wrapper\">\n\t\t\t<div class=\"elementor-icon\">\n\t\t\t<i aria-hidden=\"true\" class=\"fas fa-hand-point-down\"><\/i>\t\t\t<\/div>\n\t\t<\/div>\n\t\t\t\t\t\t<\/div>\n\t\t\t\t<\/div>\n\t\t\t\t\t<\/div>\n\t\t<\/div>\n\t\t\t\t\t<\/div>\n\t\t<\/section>\n\t\t\t\t<section class=\"elementor-section elementor-top-section elementor-element elementor-element-8528c2e elementor-section-boxed elementor-section-height-default elementor-section-height-default\" data-id=\"8528c2e\" data-element_type=\"section\" data-e-type=\"section\">\n\t\t\t\t\t\t<div class=\"elementor-container elementor-column-gap-default\">\n\t\t\t\t\t<div class=\"elementor-column elementor-col-100 elementor-top-column elementor-element elementor-element-0b87ce4\" data-id=\"0b87ce4\" data-element_type=\"column\" data-e-type=\"column\">\n\t\t\t<div class=\"elementor-widget-wrap elementor-element-populated\">\n\t\t\t\t\t\t<div class=\"elementor-element elementor-element-f2e760c elementor-widget elementor-widget-html\" data-id=\"f2e760c\" data-element_type=\"widget\" data-e-type=\"widget\" data-widget_type=\"html.default\">\n\t\t\t\t<div class=\"elementor-widget-container\">\n\t\t\t\t\t<iframe\n    width=\"300\"\n    height=\"1000\"\n    src=\"https:\/\/deca.art\/0x4rt\/oeuvres%20en%20vente%20-%20artworks%20for%20sale\">\n<\/iframe>\t\t\t\t<\/div>\n\t\t\t\t<\/div>\n\t\t\t\t\t<\/div>\n\t\t<\/div>\n\t\t\t\t\t<\/div>\n\t\t<\/section>\n\t\t\t\t<\/div>\n\t\t","protected":false},"excerpt":{"rendered":"<p>\u0152uvres actuellement en vente Nous s\u00e9lectionnons r\u00e9guli\u00e8rement des \u0153uvres de cryptoart et des NFT que vous pouvez achetez directement en ligne. Visitez notre page sur Opensea Ou cliquez directement sur les \u0153uvres ci-dessous<\/p>","protected":false},"author":1,"featured_media":0,"parent":0,"menu_order":0,"comment_status":"closed","ping_status":"closed","template":"elementor_header_footer","meta":{"footnotes":""},"class_list":["post-1413","page","type-page","status-publish","hentry"],"yoast_head":"<!-- This site is optimized with the Yoast SEO plugin v27.3 - https:\/\/yoast.com\/product\/yoast-seo-wordpress\/ -->\n<title>\u0152uvres en vente - 0x4rt Consulting<\/title>\n<meta name=\"description\" content=\"Formations. Conseil en cryptoart, NFT et Metavers. Conseil aux collectionneurs, institutions et entreprises.\" \/>\n<meta name=\"robots\" content=\"index, follow, max-snippet:-1, max-image-preview:large, max-video-preview:-1\" \/>\n<link rel=\"canonical\" href=\"https:\/\/0x4rt.com\/en\/oeuvres-en-vente-2\/\" \/>\n<meta property=\"og:locale\" content=\"en_GB\" \/>\n<meta property=\"og:type\" content=\"article\" \/>\n<meta property=\"og:title\" content=\"\u0152uvres en vente - 0x4rt Consulting\" \/>\n<meta property=\"og:description\" content=\"Formations. Conseil en cryptoart, NFT et Metavers. Conseil aux collectionneurs, institutions et entreprises.\" \/>\n<meta property=\"og:url\" content=\"https:\/\/0x4rt.com\/en\/oeuvres-en-vente-2\/\" \/>\n<meta property=\"og:site_name\" content=\"0x4rt Consulting\" \/>\n<meta property=\"article:modified_time\" content=\"2023-03-02T16:09:43+00:00\" \/>\n<meta property=\"og:image\" content=\"https:\/\/0x4rt.com\/wp-content\/uploads\/2023\/02\/Opensea-logo-150x150.jpg\" \/>\n<meta name=\"twitter:card\" content=\"summary_large_image\" \/>\n<meta name=\"twitter:site\" content=\"@0x4rt\" \/>\n<meta name=\"twitter:label1\" content=\"Estimated reading time\" \/>\n\t<meta name=\"twitter:data1\" content=\"1 minute\" \/>\n<script type=\"application\/ld+json\" class=\"yoast-schema-graph\">{\"@context\":\"https:\\\/\\\/schema.org\",\"@graph\":[{\"@type\":\"WebPage\",\"@id\":\"https:\\\/\\\/0x4rt.com\\\/fr_fr\\\/oeuvres-en-vente-2\\\/\",\"url\":\"https:\\\/\\\/0x4rt.com\\\/fr_fr\\\/oeuvres-en-vente-2\\\/\",\"name\":\"\u0152uvres en vente - 0x4rt Consulting\",\"isPartOf\":{\"@id\":\"https:\\\/\\\/0x4rt.com\\\/#website\"},\"primaryImageOfPage\":{\"@id\":\"https:\\\/\\\/0x4rt.com\\\/fr_fr\\\/oeuvres-en-vente-2\\\/#primaryimage\"},\"image\":{\"@id\":\"https:\\\/\\\/0x4rt.com\\\/fr_fr\\\/oeuvres-en-vente-2\\\/#primaryimage\"},\"thumbnailUrl\":\"https:\\\/\\\/0x4rt.com\\\/wp-content\\\/uploads\\\/2023\\\/02\\\/Opensea-logo-150x150.jpg\",\"datePublished\":\"2023-02-27T14:52:35+00:00\",\"dateModified\":\"2023-03-02T16:09:43+00:00\",\"description\":\"Formations. Conseil en cryptoart, NFT et Metavers. Conseil aux collectionneurs, institutions et entreprises.\",\"breadcrumb\":{\"@id\":\"https:\\\/\\\/0x4rt.com\\\/fr_fr\\\/oeuvres-en-vente-2\\\/#breadcrumb\"},\"inLanguage\":\"en-GB\",\"potentialAction\":[{\"@type\":\"ReadAction\",\"target\":[\"https:\\\/\\\/0x4rt.com\\\/fr_fr\\\/oeuvres-en-vente-2\\\/\"]}]},{\"@type\":\"ImageObject\",\"inLanguage\":\"en-GB\",\"@id\":\"https:\\\/\\\/0x4rt.com\\\/fr_fr\\\/oeuvres-en-vente-2\\\/#primaryimage\",\"url\":\"https:\\\/\\\/0x4rt.com\\\/wp-content\\\/uploads\\\/2023\\\/02\\\/Opensea-logo-150x150.jpg\",\"contentUrl\":\"https:\\\/\\\/0x4rt.com\\\/wp-content\\\/uploads\\\/2023\\\/02\\\/Opensea-logo-150x150.jpg\"},{\"@type\":\"BreadcrumbList\",\"@id\":\"https:\\\/\\\/0x4rt.com\\\/fr_fr\\\/oeuvres-en-vente-2\\\/#breadcrumb\",\"itemListElement\":[{\"@type\":\"ListItem\",\"position\":1,\"name\":\"Accueil\",\"item\":\"https:\\\/\\\/0x4rt.com\\\/fr_fr\\\/\"},{\"@type\":\"ListItem\",\"position\":2,\"name\":\"\u0152uvres en vente\"}]},{\"@type\":\"WebSite\",\"@id\":\"https:\\\/\\\/0x4rt.com\\\/#website\",\"url\":\"https:\\\/\\\/0x4rt.com\\\/\",\"name\":\"0x4rt Consulting\",\"description\":\"Conseil en web 3 . cryptoart, NFT et Metavers\",\"publisher\":{\"@id\":\"https:\\\/\\\/0x4rt.com\\\/#organization\"},\"potentialAction\":[{\"@type\":\"SearchAction\",\"target\":{\"@type\":\"EntryPoint\",\"urlTemplate\":\"https:\\\/\\\/0x4rt.com\\\/?s={search_term_string}\"},\"query-input\":{\"@type\":\"PropertyValueSpecification\",\"valueRequired\":true,\"valueName\":\"search_term_string\"}}],\"inLanguage\":\"en-GB\"},{\"@type\":\"Organization\",\"@id\":\"https:\\\/\\\/0x4rt.com\\\/#organization\",\"name\":\"0x4rt Consulting\",\"url\":\"https:\\\/\\\/0x4rt.com\\\/\",\"logo\":{\"@type\":\"ImageObject\",\"inLanguage\":\"en-GB\",\"@id\":\"https:\\\/\\\/0x4rt.com\\\/#\\\/schema\\\/logo\\\/image\\\/\",\"url\":\"https:\\\/\\\/0x4rt.com\\\/wp-content\\\/uploads\\\/2022\\\/02\\\/logo-0x4rt-glitche\u0301-fixe-1-e1644504039986.png\",\"contentUrl\":\"https:\\\/\\\/0x4rt.com\\\/wp-content\\\/uploads\\\/2022\\\/02\\\/logo-0x4rt-glitche\u0301-fixe-1-e1644504039986.png\",\"width\":150,\"height\":67,\"caption\":\"0x4rt Consulting\"},\"image\":{\"@id\":\"https:\\\/\\\/0x4rt.com\\\/#\\\/schema\\\/logo\\\/image\\\/\"},\"sameAs\":[\"https:\\\/\\\/x.com\\\/0x4rt\"]}]}<\/script>\n<!-- \/ Yoast SEO plugin. -->","yoast_head_json":{"title":"\u0152uvres en vente - 0x4rt Consulting","description":"Formations. Conseil en cryptoart, NFT et Metavers. Conseil aux collectionneurs, institutions et entreprises.","robots":{"index":"index","follow":"follow","max-snippet":"max-snippet:-1","max-image-preview":"max-image-preview:large","max-video-preview":"max-video-preview:-1"},"canonical":"https:\/\/0x4rt.com\/en\/oeuvres-en-vente-2\/","og_locale":"en_GB","og_type":"article","og_title":"\u0152uvres en vente - 0x4rt Consulting","og_description":"Formations. Conseil en cryptoart, NFT et Metavers. Conseil aux collectionneurs, institutions et entreprises.","og_url":"https:\/\/0x4rt.com\/en\/oeuvres-en-vente-2\/","og_site_name":"0x4rt Consulting","article_modified_time":"2023-03-02T16:09:43+00:00","og_image":[{"url":"https:\/\/0x4rt.com\/wp-content\/uploads\/2023\/02\/Opensea-logo-150x150.jpg","type":"","width":"","height":""}],"twitter_card":"summary_large_image","twitter_site":"@0x4rt","twitter_misc":{"Estimated reading time":"1 minute"},"schema":{"@context":"https:\/\/schema.org","@graph":[{"@type":"WebPage","@id":"https:\/\/0x4rt.com\/fr_fr\/oeuvres-en-vente-2\/","url":"https:\/\/0x4rt.com\/fr_fr\/oeuvres-en-vente-2\/","name":"\u0152uvres en vente - 0x4rt Consulting","isPartOf":{"@id":"https:\/\/0x4rt.com\/#website"},"primaryImageOfPage":{"@id":"https:\/\/0x4rt.com\/fr_fr\/oeuvres-en-vente-2\/#primaryimage"},"image":{"@id":"https:\/\/0x4rt.com\/fr_fr\/oeuvres-en-vente-2\/#primaryimage"},"thumbnailUrl":"https:\/\/0x4rt.com\/wp-content\/uploads\/2023\/02\/Opensea-logo-150x150.jpg","datePublished":"2023-02-27T14:52:35+00:00","dateModified":"2023-03-02T16:09:43+00:00","description":"Formations. Conseil en cryptoart, NFT et Metavers. Conseil aux collectionneurs, institutions et entreprises.","breadcrumb":{"@id":"https:\/\/0x4rt.com\/fr_fr\/oeuvres-en-vente-2\/#breadcrumb"},"inLanguage":"en-GB","potentialAction":[{"@type":"ReadAction","target":["https:\/\/0x4rt.com\/fr_fr\/oeuvres-en-vente-2\/"]}]},{"@type":"ImageObject","inLanguage":"en-GB","@id":"https:\/\/0x4rt.com\/fr_fr\/oeuvres-en-vente-2\/#primaryimage","url":"https:\/\/0x4rt.com\/wp-content\/uploads\/2023\/02\/Opensea-logo-150x150.jpg","contentUrl":"https:\/\/0x4rt.com\/wp-content\/uploads\/2023\/02\/Opensea-logo-150x150.jpg"},{"@type":"BreadcrumbList","@id":"https:\/\/0x4rt.com\/fr_fr\/oeuvres-en-vente-2\/#breadcrumb","itemListElement":[{"@type":"ListItem","position":1,"name":"Accueil","item":"https:\/\/0x4rt.com\/fr_fr\/"},{"@type":"ListItem","position":2,"name":"\u0152uvres en vente"}]},{"@type":"WebSite","@id":"https:\/\/0x4rt.com\/#website","url":"https:\/\/0x4rt.com\/","name":"0x4rt Consulting","description":"Conseil en web 3 . cryptoart, NFT et Metavers","publisher":{"@id":"https:\/\/0x4rt.com\/#organization"},"potentialAction":[{"@type":"SearchAction","target":{"@type":"EntryPoint","urlTemplate":"https:\/\/0x4rt.com\/?s={search_term_string}"},"query-input":{"@type":"PropertyValueSpecification","valueRequired":true,"valueName":"search_term_string"}}],"inLanguage":"en-GB"},{"@type":"Organization","@id":"https:\/\/0x4rt.com\/#organization","name":"0x4rt Consulting","url":"https:\/\/0x4rt.com\/","logo":{"@type":"ImageObject","inLanguage":"en-GB","@id":"https:\/\/0x4rt.com\/#\/schema\/logo\/image\/","url":"https:\/\/0x4rt.com\/wp-content\/uploads\/2022\/02\/logo-0x4rt-glitche\u0301-fixe-1-e1644504039986.png","contentUrl":"https:\/\/0x4rt.com\/wp-content\/uploads\/2022\/02\/logo-0x4rt-glitche\u0301-fixe-1-e1644504039986.png","width":150,"height":67,"caption":"0x4rt Consulting"},"image":{"@id":"https:\/\/0x4rt.com\/#\/schema\/logo\/image\/"},"sameAs":["https:\/\/x.com\/0x4rt"]}]}},"_links":{"self":[{"href":"https:\/\/0x4rt.com\/en\/wp-json\/wp\/v2\/pages\/1413","targetHints":{"allow":["GET"]}}],"collection":[{"href":"https:\/\/0x4rt.com\/en\/wp-json\/wp\/v2\/pages"}],"about":[{"href":"https:\/\/0x4rt.com\/en\/wp-json\/wp\/v2\/types\/page"}],"author":[{"embeddable":true,"href":"https:\/\/0x4rt.com\/en\/wp-json\/wp\/v2\/users\/1"}],"replies":[{"embeddable":true,"href":"https:\/\/0x4rt.com\/en\/wp-json\/wp\/v2\/comments?post=1413"}],"version-history":[{"count":44,"href":"https:\/\/0x4rt.com\/en\/wp-json\/wp\/v2\/pages\/1413\/revisions"}],"predecessor-version":[{"id":1505,"href":"https:\/\/0x4rt.com\/en\/wp-json\/wp\/v2\/pages\/1413\/revisions\/1505"}],"wp:attachment":[{"href":"https:\/\/0x4rt.com\/en\/wp-json\/wp\/v2\/media?parent=1413"}],"curies":[{"name":"wp","href":"https:\/\/api.w.org\/{rel}","templated":true}]}}